{"id":416,"date":"2018-04-18T09:32:17","date_gmt":"2018-04-18T07:32:17","guid":{"rendered":"https:\/\/antermejes.it\/beispiel-seite\/"},"modified":"2018-07-30T10:04:02","modified_gmt":"2018-07-30T08:04:02","slug":"beispiel-seite","status":"publish","type":"page","link":"https:\/\/www.antermejes.it\/en\/","title":{"rendered":"Mountain Chalet"},"content":{"rendered":"<p>Let yourself get carried away by the sight of the legendary Dolomites! Our <a title=\"Accomodation &amp; Prices\" href=\"https:\/\/www.antermejes.it\/en\/apartments-dolomites\/\">mountain Chalet Antermejes<\/a> in Val Gardena offers the best views: located on the sunny and quiet side of St. Christina, the apartments have amazing views of the characteristic <strong>Lang<\/strong> and <strong>Plattkofel mountain<\/strong> ranges , and are within a reach of the <strong>Sella<\/strong> and <strong>Geisler mountains<\/strong>. In our mountain chalet, you stay in exclusive apartments for four to five people. High-quality modern interiors, decorated by watercolor paintings made by the owner of the house, add to the ambience and style. The natural wood throughout the apartments provides warmth and a welcoming mountain atmosphere for your vacation. You can connect with the nature in our serene garden, or on the sun terrace. Antermejes, our house between the farms: a holiday home, with culture and sense of the beautiful things in life.<\/p>\n<p><strong>B\u00ebnun\u00ec te Gherd\u00ebina, Welcome to Val Gardena!<\/strong><\/p>\n","protected":false},"excerpt":{"rendered":"<p>Let yourself get carried away by the sight of the legendary Dolomites! Our mountain Chalet Antermejes in Val Gardena offers the best views: located on the<span class=\"excerpt-hellip\"> [\u2026]<\/span><\/p>\n","protected":false},"author":1,"featured_media":0,"parent":0,"menu_order":0,"comment_status":"closed","ping_status":"open","template":"","meta":[],"_links":{"self":[{"href":"https:\/\/www.antermejes.it\/en\/wp-json\/wp\/v2\/pages\/416"}],"collection":[{"href":"https:\/\/www.antermejes.it\/en\/wp-json\/wp\/v2\/pages"}],"about":[{"href":"https:\/\/www.antermejes.it\/en\/wp-json\/wp\/v2\/types\/page"}],"author":[{"embeddable":true,"href":"https:\/\/www.antermejes.it\/en\/wp-json\/wp\/v2\/users\/1"}],"replies":[{"embeddable":true,"href":"https:\/\/www.antermejes.it\/en\/wp-json\/wp\/v2\/comments?post=416"}],"version-history":[{"count":6,"href":"https:\/\/www.antermejes.it\/en\/wp-json\/wp\/v2\/pages\/416\/revisions"}],"predecessor-version":[{"id":549,"href":"https:\/\/www.antermejes.it\/en\/wp-json\/wp\/v2\/pages\/416\/revisions\/549"}],"wp:attachment":[{"href":"https:\/\/www.antermejes.it\/en\/wp-json\/wp\/v2\/media?parent=416"}],"curies":[{"name":"wp","href":"https:\/\/api.w.org\/{rel}","templated":true}]}}